{"id":4273,"date":"2021-11-08T11:03:44","date_gmt":"2021-11-08T16:03:44","guid":{"rendered":"https:\/\/www.rpldm.ca\/actuality\/nouvelles\/"},"modified":"2023-11-09T12:08:17","modified_gmt":"2023-11-09T17:08:17","slug":"nouvelles","status":"publish","type":"page","link":"https:\/\/www.rpldm.ca\/en\/actuality\/nouvelles\/","title":{"rendered":"Nouvelles"},"content":{"rendered":"\t\t<div data-elementor-type=\"wp-page\" data-elementor-id=\"4273\" class=\"elementor elementor-4273\" data-elementor-post-type=\"page\">\n\t\t\t\t\t\t<section class=\"elementor-section elementor-top-section elementor-element elementor-element-99e3cbe elementor-section-boxed elementor-section-height-default elementor-section-height-default\" data-id=\"99e3cbe\" data-element_type=\"section\" data-e-type=\"section\">\n\t\t\t\t\t\t<div class=\"elementor-container elementor-column-gap-default\">\n\t\t\t\t\t<div class=\"elementor-column elementor-col-100 elementor-top-column elementor-element elementor-element-6e14893\" data-id=\"6e14893\" data-element_type=\"column\" data-e-type=\"column\">\n\t\t\t<div class=\"elementor-widget-wrap elementor-element-populated\">\n\t\t\t\t\t\t<div class=\"elementor-element elementor-element-da6d018 elementor-widget elementor-widget-heading\" data-id=\"da6d018\" data-element_type=\"widget\" data-e-type=\"widget\" data-widget_type=\"heading.default\">\n\t\t\t\t<div class=\"elementor-widget-container\">\n\t\t\t\t\t<h1 class=\"elementor-heading-title elementor-size-default\">Nouvelles<\/h1>\t\t\t\t<\/div>\n\t\t\t\t<\/div>\n\t\t\t\t<section class=\"elementor-section elementor-inner-section elementor-element elementor-element-464c84d elementor-section-boxed elementor-section-height-default elementor-section-height-default\" data-id=\"464c84d\" data-element_type=\"section\" data-e-type=\"section\" data-settings=\"{&quot;background_background&quot;:&quot;classic&quot;}\">\n\t\t\t\t\t\t\t<div class=\"elementor-background-overlay\"><\/div>\n\t\t\t\t\t\t\t<div class=\"elementor-container elementor-column-gap-default\">\n\t\t\t\t\t<div class=\"elementor-column elementor-col-100 elementor-inner-column elementor-element elementor-element-1e2af2d\" data-id=\"1e2af2d\" data-element_type=\"column\" data-e-type=\"column\">\n\t\t\t<div class=\"elementor-widget-wrap elementor-element-populated\">\n\t\t\t\t\t\t<div class=\"elementor-element elementor-element-eb6c305 elementor-widget elementor-widget-heading\" data-id=\"eb6c305\" data-element_type=\"widget\" data-e-type=\"widget\" data-widget_type=\"heading.default\">\n\t\t\t\t<div class=\"elementor-widget-container\">\n\t\t\t\t\t<h2 class=\"elementor-heading-title elementor-size-default\">Pour suivre de plus pr\u00e8s nos activit\u00e9s<\/h2>\t\t\t\t<\/div>\n\t\t\t\t<\/div>\n\t\t\t\t<div class=\"elementor-element elementor-element-b52b97c elementor-widget elementor-widget-heading\" data-id=\"b52b97c\" data-element_type=\"widget\" data-e-type=\"widget\" data-widget_type=\"heading.default\">\n\t\t\t\t<div class=\"elementor-widget-container\">\n\t\t\t\t\t<h3 class=\"elementor-heading-title elementor-size-default\">Visitez notre page Facebook<\/h3>\t\t\t\t<\/div>\n\t\t\t\t<\/div>\n\t\t\t\t<div class=\"elementor-element elementor-element-6d7372e elementor-align-center elementor-widget elementor-widget-button\" data-id=\"6d7372e\" data-element_type=\"widget\" data-e-type=\"widget\" data-widget_type=\"button.default\">\n\t\t\t\t<div class=\"elementor-widget-container\">\n\t\t\t\t\t\t\t\t\t<div class=\"elementor-button-wrapper\">\n\t\t\t\t\t<a class=\"elementor-button elementor-button-link elementor-size-sm\" href=\"https:\/\/www.facebook.com\/RegiePoliceLDM\/\" target=\"_blank\">\n\t\t\t\t\t\t<span class=\"elementor-button-content-wrapper\">\n\t\t\t\t\t\t\t\t\t<span class=\"elementor-button-text\">Passez \u00e0 l'action!<\/span>\n\t\t\t\t\t<\/span>\n\t\t\t\t\t<\/a>\n\t\t\t\t<\/div>\n\t\t\t\t\t\t\t\t<\/div>\n\t\t\t\t<\/div>\n\t\t\t\t\t<\/div>\n\t\t<\/div>\n\t\t\t\t\t<\/div>\n\t\t<\/section>\n\t\t\t\t<div class=\"elementor-element elementor-element-c26a504 elementor-search-form--skin-classic elementor-search-form--button-type-icon elementor-search-form--icon-search elementor-widget elementor-widget-search-form\" data-id=\"c26a504\" data-element_type=\"widget\" data-e-type=\"widget\" data-settings=\"{&quot;skin&quot;:&quot;classic&quot;}\" data-widget_type=\"search-form.default\">\n\t\t\t\t<div class=\"elementor-widget-container\">\n\t\t\t\t\t\t\t<search role=\"search\">\n\t\t\t<form class=\"elementor-search-form\" action=\"https:\/\/www.rpldm.ca\/en\/\" method=\"get\">\n\t\t\t\t\t\t\t\t\t\t\t\t<div class=\"elementor-search-form__container\">\n\t\t\t\t\t<label class=\"elementor-screen-only\" for=\"elementor-search-form-c26a504\">Search<\/label>\n\n\t\t\t\t\t\n\t\t\t\t\t<input id=\"elementor-search-form-c26a504\" placeholder=\"Recherche\" class=\"elementor-search-form__input\" type=\"search\" name=\"s\" value=\"\">\n\t\t\t\t\t<input type='hidden' name='lang' value='en' \/>\n\t\t\t\t\t\t\t\t\t\t\t<button class=\"elementor-search-form__submit\" type=\"submit\" aria-label=\"Search\">\n\t\t\t\t\t\t\t\t\t\t\t\t\t\t\t<i aria-hidden=\"true\" class=\"fas fa-search\"><\/i>\t\t\t\t\t\t\t\t\t\t\t\t\t<\/button>\n\t\t\t\t\t\n\t\t\t\t\t\t\t\t\t<\/div>\n\t\t\t<\/form>\n\t\t<\/search>\n\t\t\t\t\t\t<\/div>\n\t\t\t\t<\/div>\n\t\t\t\t<div class=\"elementor-element elementor-element-434d3b5 elementor-grid-3 elementor-grid-tablet-2 elementor-grid-mobile-1 elementor-posts--thumbnail-top elementor-widget elementor-widget-posts\" data-id=\"434d3b5\" data-element_type=\"widget\" data-e-type=\"widget\" data-settings=\"{&quot;pagination_type&quot;:&quot;numbers&quot;,&quot;classic_columns&quot;:&quot;3&quot;,&quot;classic_columns_tablet&quot;:&quot;2&quot;,&quot;classic_columns_mobile&quot;:&quot;1&quot;,&quot;classic_row_gap&quot;:{&quot;unit&quot;:&quot;px&quot;,&quot;size&quot;:35,&quot;sizes&quot;:[]},&quot;classic_row_gap_tablet&quot;:{&quot;unit&quot;:&quot;px&quot;,&quot;size&quot;:&quot;&quot;,&quot;sizes&quot;:[]},&quot;classic_row_gap_mobile&quot;:{&quot;unit&quot;:&quot;px&quot;,&quot;size&quot;:&quot;&quot;,&quot;sizes&quot;:[]}}\" data-widget_type=\"posts.classic\">\n\t\t\t\t<div class=\"elementor-widget-container\">\n\t\t\t\t\t\t\t<div class=\"elementor-posts-container elementor-posts elementor-posts--skin-classic elementor-grid\" role=\"list\">\n\t\t\t\t<article class=\"elementor-post elementor-grid-item post-2561 post type-post status-publish format-standard has-post-thumbnail hentry category-news\" role=\"listitem\">\n\t\t\t\t<a class=\"elementor-post__thumbnail__link\" href=\"https:\/\/www.rpldm.ca\/en\/one-year-later-we-remember\/\" tabindex=\"-1\" >\n\t\t\t<div class=\"elementor-post__thumbnail\"><img fetchpriority=\"high\" decoding=\"async\" width=\"580\" height=\"386\" src=\"https:\/\/www.rpldm.ca\/wp-content\/uploads\/2021\/11\/Photo-4836-FACEBOOK2.jpg\" class=\"attachment-full size-full wp-image-1450\" alt=\"\" srcset=\"https:\/\/www.rpldm.ca\/wp-content\/uploads\/2021\/11\/Photo-4836-FACEBOOK2.jpg 580w, https:\/\/www.rpldm.ca\/wp-content\/uploads\/2021\/11\/Photo-4836-FACEBOOK2-300x200.jpg 300w\" sizes=\"(max-width: 580px) 100vw, 580px\" \/><\/div>\n\t\t<\/a>\n\t\t\t\t<div class=\"elementor-post__text\">\n\t\t\t\t<h3 class=\"elementor-post__title\">\n\t\t\t<a href=\"https:\/\/www.rpldm.ca\/en\/one-year-later-we-remember\/\" >\n\t\t\t\tOne year later, we remember\t\t\t<\/a>\n\t\t<\/h3>\n\t\t\t\t<div class=\"elementor-post__meta-data\">\n\t\t\t\t\t<span class=\"elementor-post-date\">\n\t\t\t27 April 2020\t\t<\/span>\n\t\t\t\t<\/div>\n\t\t\t\t<div class=\"elementor-post__excerpt\">\n\t\t\t<p>On the evening of April 27, 2019, the lives of many citizens of Sainte-Marthe-sur-le-Lac were turned upside down as a significant portion of the town was flooded following the breach of the dike.<\/p>\n\t\t<\/div>\n\t\t\n\t\t<a class=\"elementor-post__read-more\" href=\"https:\/\/www.rpldm.ca\/en\/one-year-later-we-remember\/\" aria-label=\"Read more about One year later, we remember\" tabindex=\"-1\" >\n\t\t\tEn lire plus\t\t<\/a>\n\n\t\t\t\t<\/div>\n\t\t\t\t<\/article>\n\t\t\t\t<article class=\"elementor-post elementor-grid-item post-2559 post type-post status-publish format-standard has-post-thumbnail hentry category-news\" role=\"listitem\">\n\t\t\t\t<a class=\"elementor-post__thumbnail__link\" href=\"https:\/\/www.rpldm.ca\/en\/jesuiscourtois-com\/\" tabindex=\"-1\" >\n\t\t\t<div class=\"elementor-post__thumbnail\"><img decoding=\"async\" width=\"656\" height=\"289\" src=\"https:\/\/www.rpldm.ca\/wp-content\/uploads\/2021\/11\/RPL_4HeadersFB_Joe_Generique-2.png\" class=\"attachment-full size-full wp-image-1386\" alt=\"\" srcset=\"https:\/\/www.rpldm.ca\/wp-content\/uploads\/2021\/11\/RPL_4HeadersFB_Joe_Generique-2.png 656w, https:\/\/www.rpldm.ca\/wp-content\/uploads\/2021\/11\/RPL_4HeadersFB_Joe_Generique-2-300x132.png 300w\" sizes=\"(max-width: 656px) 100vw, 656px\" \/><\/div>\n\t\t<\/a>\n\t\t\t\t<div class=\"elementor-post__text\">\n\t\t\t\t<h3 class=\"elementor-post__title\">\n\t\t\t<a href=\"https:\/\/www.rpldm.ca\/en\/jesuiscourtois-com\/\" >\n\t\t\t\tJESUISCOURTOIS.COM\t\t\t<\/a>\n\t\t<\/h3>\n\t\t\t\t<div class=\"elementor-post__meta-data\">\n\t\t\t\t\t<span class=\"elementor-post-date\">\n\t\t\t15 July 2019\t\t<\/span>\n\t\t\t\t<\/div>\n\t\t\t\t<div class=\"elementor-post__excerpt\">\n\t\t\t<p>Deux-Montagnes, July 15, 2019 &#8211; JESUISCOURTOIS.COM: A first campaign to raise awareness about sharing the road and encouraging courtesy between motorists, cyclists and pedestrians is being launched this week throughout the territory covered by the R\u00e9gie de police du lac des Deux-Montagnes (RPLDM).<\/p>\n\t\t<\/div>\n\t\t\n\t\t<a class=\"elementor-post__read-more\" href=\"https:\/\/www.rpldm.ca\/en\/jesuiscourtois-com\/\" aria-label=\"Read more about JESUISCOURTOIS.COM\" tabindex=\"-1\" >\n\t\t\tEn lire plus\t\t<\/a>\n\n\t\t\t\t<\/div>\n\t\t\t\t<\/article>\n\t\t\t\t<article class=\"elementor-post elementor-grid-item post-2557 post type-post status-publish format-standard has-post-thumbnail hentry category-news\" role=\"listitem\">\n\t\t\t\t<a class=\"elementor-post__thumbnail__link\" href=\"https:\/\/www.rpldm.ca\/en\/creation-of-the-facebook-and-twitter-page\/\" tabindex=\"-1\" >\n\t\t\t<div class=\"elementor-post__thumbnail\"><img decoding=\"async\" width=\"493\" height=\"493\" src=\"https:\/\/www.rpldm.ca\/wp-content\/uploads\/2021\/11\/RP2M_SuivezNous_Facebook_21.jpg\" class=\"attachment-full size-full wp-image-1276\" alt=\"\" srcset=\"https:\/\/www.rpldm.ca\/wp-content\/uploads\/2021\/11\/RP2M_SuivezNous_Facebook_21.jpg 493w, https:\/\/www.rpldm.ca\/wp-content\/uploads\/2021\/11\/RP2M_SuivezNous_Facebook_21-300x300.jpg 300w, https:\/\/www.rpldm.ca\/wp-content\/uploads\/2021\/11\/RP2M_SuivezNous_Facebook_21-150x150.jpg 150w\" sizes=\"(max-width: 493px) 100vw, 493px\" \/><\/div>\n\t\t<\/a>\n\t\t\t\t<div class=\"elementor-post__text\">\n\t\t\t\t<h3 class=\"elementor-post__title\">\n\t\t\t<a href=\"https:\/\/www.rpldm.ca\/en\/creation-of-the-facebook-and-twitter-page\/\" >\n\t\t\t\tCreation of the Facebook and Twitter page\t\t\t<\/a>\n\t\t<\/h3>\n\t\t\t\t<div class=\"elementor-post__meta-data\">\n\t\t\t\t\t<span class=\"elementor-post-date\">\n\t\t\t15 September 2016\t\t<\/span>\n\t\t\t\t<\/div>\n\t\t\t\t<div class=\"elementor-post__excerpt\">\n\t\t\t<p>It is with great pride that we welcome you to the official page of the R\u00e9gie de police du Lac des Deux-Montagnes.<\/p>\n\t\t<\/div>\n\t\t\n\t\t<a class=\"elementor-post__read-more\" href=\"https:\/\/www.rpldm.ca\/en\/creation-of-the-facebook-and-twitter-page\/\" aria-label=\"Read more about Creation of the Facebook and Twitter page\" tabindex=\"-1\" >\n\t\t\tEn lire plus\t\t<\/a>\n\n\t\t\t\t<\/div>\n\t\t\t\t<\/article>\n\t\t\t\t<article class=\"elementor-post elementor-grid-item post-1742 post type-post status-publish format-standard has-post-thumbnail hentry category-news\" role=\"listitem\">\n\t\t\t\t<a class=\"elementor-post__thumbnail__link\" href=\"https:\/\/www.rpldm.ca\/en\/launch-of-the-rpldms-official-site\/\" tabindex=\"-1\" >\n\t\t\t<div class=\"elementor-post__thumbnail\"><img loading=\"lazy\" decoding=\"async\" width=\"800\" height=\"800\" src=\"https:\/\/www.rpldm.ca\/wp-content\/uploads\/2021\/11\/RegiePoliceLDM_lancement7juil2016.jpg\" class=\"attachment-full size-full wp-image-1274\" alt=\"\" srcset=\"https:\/\/www.rpldm.ca\/wp-content\/uploads\/2021\/11\/RegiePoliceLDM_lancement7juil2016.jpg 800w, https:\/\/www.rpldm.ca\/wp-content\/uploads\/2021\/11\/RegiePoliceLDM_lancement7juil2016-300x300.jpg 300w, https:\/\/www.rpldm.ca\/wp-content\/uploads\/2021\/11\/RegiePoliceLDM_lancement7juil2016-150x150.jpg 150w, https:\/\/www.rpldm.ca\/wp-content\/uploads\/2021\/11\/RegiePoliceLDM_lancement7juil2016-768x768.jpg 768w\" sizes=\"(max-width: 800px) 100vw, 800px\" \/><\/div>\n\t\t<\/a>\n\t\t\t\t<div class=\"elementor-post__text\">\n\t\t\t\t<h3 class=\"elementor-post__title\">\n\t\t\t<a href=\"https:\/\/www.rpldm.ca\/en\/launch-of-the-rpldms-official-site\/\" >\n\t\t\t\tLaunch of the RPLDM&#8217;s Official Site\t\t\t<\/a>\n\t\t<\/h3>\n\t\t\t\t<div class=\"elementor-post__meta-data\">\n\t\t\t\t\t<span class=\"elementor-post-date\">\n\t\t\t6 July 2016\t\t<\/span>\n\t\t\t\t<\/div>\n\t\t\t\t<div class=\"elementor-post__excerpt\">\n\t\t\t<p>Deux-Montagnes, July 7, 2016 \u2013 Today, the R\u00e9gie de police du Lac des Deux-Montagnes (Police Board) is officially launching its new bilingual website at www.rpldm.ca.<\/p>\n\t\t<\/div>\n\t\t\n\t\t<a class=\"elementor-post__read-more\" href=\"https:\/\/www.rpldm.ca\/en\/launch-of-the-rpldms-official-site\/\" aria-label=\"Read more about Launch of the RPLDM&#8217;s Official Site\" tabindex=\"-1\" >\n\t\t\tEn lire plus\t\t<\/a>\n\n\t\t\t\t<\/div>\n\t\t\t\t<\/article>\n\t\t\t\t<\/div>\n\t\t\n\t\t\t\t\t\t<\/div>\n\t\t\t\t<\/div>\n\t\t\t\t\t<\/div>\n\t\t<\/div>\n\t\t\t\t\t<\/div>\n\t\t<\/section>\n\t\t\t\t<\/div>\n\t\t","protected":false},"excerpt":{"rendered":"<p>Nouvelles Pour suivre de plus pr\u00e8s nos activit\u00e9s Visitez notre page Facebook Passez \u00e0 l&#8217;action!<\/p>\n","protected":false},"author":13,"featured_media":0,"parent":1405,"menu_order":0,"comment_status":"closed","ping_status":"closed","template":"","meta":{"footnotes":""},"class_list":["post-4273","page","type-page","status-publish","hentry"],"yoast_head":"<!-- This site is optimized with the Yoast SEO plugin v27.4 - https:\/\/yoast.com\/product\/yoast-seo-wordpress\/ -->\n<title>Nouvelles - R\u00e9gie de Police Deux-Montagnes<\/title>\n<meta name=\"robots\" content=\"index, follow, max-snippet:-1, max-image-preview:large, max-video-preview:-1\" \/>\n<link rel=\"canonical\" href=\"https:\/\/www.rpldm.ca\/en\/actuality\/nouvelles\/\" \/>\n<meta property=\"og:locale\" content=\"en_US\" \/>\n<meta property=\"og:type\" content=\"article\" \/>\n<meta property=\"og:title\" content=\"Nouvelles - R\u00e9gie de Police Deux-Montagnes\" \/>\n<meta property=\"og:description\" content=\"Nouvelles Pour suivre de plus pr\u00e8s nos activit\u00e9s Visitez notre page Facebook Passez \u00e0 l&#8217;action!\" \/>\n<meta property=\"og:url\" content=\"https:\/\/www.rpldm.ca\/en\/actuality\/nouvelles\/\" \/>\n<meta property=\"og:site_name\" content=\"R\u00e9gie de Police Deux-Montagnes\" \/>\n<meta property=\"article:modified_time\" content=\"2023-11-09T17:08:17+00:00\" \/>\n<meta name=\"twitter:card\" content=\"summary_large_image\" \/>\n<meta name=\"twitter:label1\" content=\"Est. reading time\" \/>\n\t<meta name=\"twitter:data1\" content=\"2 minutes\" \/>\n<script type=\"application\/ld+json\" class=\"yoast-schema-graph\">{\"@context\":\"https:\\\/\\\/schema.org\",\"@graph\":[{\"@type\":\"WebPage\",\"@id\":\"https:\\\/\\\/www.rpldm.ca\\\/en\\\/actuality\\\/nouvelles\\\/\",\"url\":\"https:\\\/\\\/www.rpldm.ca\\\/en\\\/actuality\\\/nouvelles\\\/\",\"name\":\"Nouvelles - R\u00e9gie de Police Deux-Montagnes\",\"isPartOf\":{\"@id\":\"https:\\\/\\\/www.rpldm.ca\\\/en\\\/#website\"},\"datePublished\":\"2021-11-08T16:03:44+00:00\",\"dateModified\":\"2023-11-09T17:08:17+00:00\",\"breadcrumb\":{\"@id\":\"https:\\\/\\\/www.rpldm.ca\\\/en\\\/actuality\\\/nouvelles\\\/#breadcrumb\"},\"inLanguage\":\"en-US\",\"potentialAction\":[{\"@type\":\"ReadAction\",\"target\":[\"https:\\\/\\\/www.rpldm.ca\\\/en\\\/actuality\\\/nouvelles\\\/\"]}]},{\"@type\":\"BreadcrumbList\",\"@id\":\"https:\\\/\\\/www.rpldm.ca\\\/en\\\/actuality\\\/nouvelles\\\/#breadcrumb\",\"itemListElement\":[{\"@type\":\"ListItem\",\"position\":1,\"name\":\"Accueil\",\"item\":\"https:\\\/\\\/www.rpldm.ca\\\/en\\\/\"},{\"@type\":\"ListItem\",\"position\":2,\"name\":\"Actuality\",\"item\":\"https:\\\/\\\/www.rpldm.ca\\\/en\\\/actuality\\\/\"},{\"@type\":\"ListItem\",\"position\":3,\"name\":\"Nouvelles\"}]},{\"@type\":\"WebSite\",\"@id\":\"https:\\\/\\\/www.rpldm.ca\\\/en\\\/#website\",\"url\":\"https:\\\/\\\/www.rpldm.ca\\\/en\\\/\",\"name\":\"R\u00e9gie de Police Deux-Montagnes\",\"description\":\"\",\"publisher\":{\"@id\":\"https:\\\/\\\/www.rpldm.ca\\\/en\\\/#organization\"},\"potentialAction\":[{\"@type\":\"SearchAction\",\"target\":{\"@type\":\"EntryPoint\",\"urlTemplate\":\"https:\\\/\\\/www.rpldm.ca\\\/en\\\/?s={search_term_string}\"},\"query-input\":{\"@type\":\"PropertyValueSpecification\",\"valueRequired\":true,\"valueName\":\"search_term_string\"}}],\"inLanguage\":\"en-US\"},{\"@type\":\"Organization\",\"@id\":\"https:\\\/\\\/www.rpldm.ca\\\/en\\\/#organization\",\"name\":\"R\u00e9gie de Police Deux-Montagnes\",\"url\":\"https:\\\/\\\/www.rpldm.ca\\\/en\\\/\",\"logo\":{\"@type\":\"ImageObject\",\"inLanguage\":\"en-US\",\"@id\":\"https:\\\/\\\/www.rpldm.ca\\\/en\\\/#\\\/schema\\\/logo\\\/image\\\/\",\"url\":\"https:\\\/\\\/www.rpldm.ca\\\/wp-content\\\/uploads\\\/2020\\\/10\\\/logo-police2m.png\",\"contentUrl\":\"https:\\\/\\\/www.rpldm.ca\\\/wp-content\\\/uploads\\\/2020\\\/10\\\/logo-police2m.png\",\"width\":197,\"height\":208,\"caption\":\"R\u00e9gie de Police Deux-Montagnes\"},\"image\":{\"@id\":\"https:\\\/\\\/www.rpldm.ca\\\/en\\\/#\\\/schema\\\/logo\\\/image\\\/\"}}]}<\/script>\n<!-- \/ Yoast SEO plugin. -->","yoast_head_json":{"title":"Nouvelles - R\u00e9gie de Police Deux-Montagnes","robots":{"index":"index","follow":"follow","max-snippet":"max-snippet:-1","max-image-preview":"max-image-preview:large","max-video-preview":"max-video-preview:-1"},"canonical":"https:\/\/www.rpldm.ca\/en\/actuality\/nouvelles\/","og_locale":"en_US","og_type":"article","og_title":"Nouvelles - R\u00e9gie de Police Deux-Montagnes","og_description":"Nouvelles Pour suivre de plus pr\u00e8s nos activit\u00e9s Visitez notre page Facebook Passez \u00e0 l&#8217;action!","og_url":"https:\/\/www.rpldm.ca\/en\/actuality\/nouvelles\/","og_site_name":"R\u00e9gie de Police Deux-Montagnes","article_modified_time":"2023-11-09T17:08:17+00:00","twitter_card":"summary_large_image","twitter_misc":{"Est. reading time":"2 minutes"},"schema":{"@context":"https:\/\/schema.org","@graph":[{"@type":"WebPage","@id":"https:\/\/www.rpldm.ca\/en\/actuality\/nouvelles\/","url":"https:\/\/www.rpldm.ca\/en\/actuality\/nouvelles\/","name":"Nouvelles - R\u00e9gie de Police Deux-Montagnes","isPartOf":{"@id":"https:\/\/www.rpldm.ca\/en\/#website"},"datePublished":"2021-11-08T16:03:44+00:00","dateModified":"2023-11-09T17:08:17+00:00","breadcrumb":{"@id":"https:\/\/www.rpldm.ca\/en\/actuality\/nouvelles\/#breadcrumb"},"inLanguage":"en-US","potentialAction":[{"@type":"ReadAction","target":["https:\/\/www.rpldm.ca\/en\/actuality\/nouvelles\/"]}]},{"@type":"BreadcrumbList","@id":"https:\/\/www.rpldm.ca\/en\/actuality\/nouvelles\/#breadcrumb","itemListElement":[{"@type":"ListItem","position":1,"name":"Accueil","item":"https:\/\/www.rpldm.ca\/en\/"},{"@type":"ListItem","position":2,"name":"Actuality","item":"https:\/\/www.rpldm.ca\/en\/actuality\/"},{"@type":"ListItem","position":3,"name":"Nouvelles"}]},{"@type":"WebSite","@id":"https:\/\/www.rpldm.ca\/en\/#website","url":"https:\/\/www.rpldm.ca\/en\/","name":"R\u00e9gie de Police Deux-Montagnes","description":"","publisher":{"@id":"https:\/\/www.rpldm.ca\/en\/#organization"},"potentialAction":[{"@type":"SearchAction","target":{"@type":"EntryPoint","urlTemplate":"https:\/\/www.rpldm.ca\/en\/?s={search_term_string}"},"query-input":{"@type":"PropertyValueSpecification","valueRequired":true,"valueName":"search_term_string"}}],"inLanguage":"en-US"},{"@type":"Organization","@id":"https:\/\/www.rpldm.ca\/en\/#organization","name":"R\u00e9gie de Police Deux-Montagnes","url":"https:\/\/www.rpldm.ca\/en\/","logo":{"@type":"ImageObject","inLanguage":"en-US","@id":"https:\/\/www.rpldm.ca\/en\/#\/schema\/logo\/image\/","url":"https:\/\/www.rpldm.ca\/wp-content\/uploads\/2020\/10\/logo-police2m.png","contentUrl":"https:\/\/www.rpldm.ca\/wp-content\/uploads\/2020\/10\/logo-police2m.png","width":197,"height":208,"caption":"R\u00e9gie de Police Deux-Montagnes"},"image":{"@id":"https:\/\/www.rpldm.ca\/en\/#\/schema\/logo\/image\/"}}]}},"_links":{"self":[{"href":"https:\/\/www.rpldm.ca\/en\/wp-json\/wp\/v2\/pages\/4273","targetHints":{"allow":["GET"]}}],"collection":[{"href":"https:\/\/www.rpldm.ca\/en\/wp-json\/wp\/v2\/pages"}],"about":[{"href":"https:\/\/www.rpldm.ca\/en\/wp-json\/wp\/v2\/types\/page"}],"author":[{"embeddable":true,"href":"https:\/\/www.rpldm.ca\/en\/wp-json\/wp\/v2\/users\/13"}],"replies":[{"embeddable":true,"href":"https:\/\/www.rpldm.ca\/en\/wp-json\/wp\/v2\/comments?post=4273"}],"version-history":[{"count":4,"href":"https:\/\/www.rpldm.ca\/en\/wp-json\/wp\/v2\/pages\/4273\/revisions"}],"predecessor-version":[{"id":4281,"href":"https:\/\/www.rpldm.ca\/en\/wp-json\/wp\/v2\/pages\/4273\/revisions\/4281"}],"up":[{"embeddable":true,"href":"https:\/\/www.rpldm.ca\/en\/wp-json\/wp\/v2\/pages\/1405"}],"wp:attachment":[{"href":"https:\/\/www.rpldm.ca\/en\/wp-json\/wp\/v2\/media?parent=4273"}],"curies":[{"name":"wp","href":"https:\/\/api.w.org\/{rel}","templated":true}]}}