{"id":4252,"date":"2021-11-06T11:43:48","date_gmt":"2021-11-06T15:43:48","guid":{"rendered":"https:\/\/www.rpldm.ca\/about-us\/equipes-2\/"},"modified":"2023-11-09T11:26:11","modified_gmt":"2023-11-09T16:26:11","slug":"equipes-2","status":"publish","type":"page","link":"https:\/\/www.rpldm.ca\/en\/about-us\/equipes-2\/","title":{"rendered":"\u00c9quipes"},"content":{"rendered":"<h2>GENDARMERIE ET ENQU\u00caTES<\/h2>\n<p>Chacune des \u00e9quipes de la R\u00e9gie de police du Lac des Deux-Montagnes est compos\u00e9e de policiers et de polici\u00e8res ayant d\u00e9velopp\u00e9 les expertises requises pour accomplir les missions qui leur sont confi\u00e9es. Bien qu\u2019elles agissent dans diff\u00e9rents secteurs d\u2019activit\u00e9, elles ont en commun le souci de la rigueur, de la proximit\u00e9 et de la s\u00e9curit\u00e9 de la population.<\/p>\n<h2>Gendarmerie<\/h2>\n<p><a href=\"https:\/\/www.rpldm.ca\/en\/patrol\/\"><br \/>\n<img fetchpriority=\"high\" decoding=\"async\" src=\"https:\/\/rpldm.webloft.dev\/wp-content\/uploads\/2021\/11\/patrouille_accueil_rpldm_g.jpg\" sizes=\"(max-width: 532px) 100vw, 532px\" srcset=\"https:\/\/rpldm.webloft.dev\/wp-content\/uploads\/2021\/11\/patrouille_accueil_rpldm_g.jpg 532w, https:\/\/rpldm.webloft.dev\/wp-content\/uploads\/2021\/11\/patrouille_accueil_rpldm_g-300x300.jpg 300w, https:\/\/rpldm.webloft.dev\/wp-content\/uploads\/2021\/11\/patrouille_accueil_rpldm_g-150x150.jpg 150w\" alt=\"\" width=\"532\" height=\"532\" \/> <\/a><\/p>\n<h2><a href=\"https:\/\/www.rpldm.ca\/en\/patrol\/\">Gendarmerie<\/a><\/h2>\n<p><a role=\"button\" href=\"https:\/\/www.rpldm.ca\/en\/patrol\/\"><br \/>\nEn savoir plus<br \/>\n<\/a><br \/>\n<a href=\"https:\/\/www.rpldm.ca\/en\/community-relations\/\"><br \/>\n<img decoding=\"async\" src=\"https:\/\/rpldm.webloft.dev\/wp-content\/uploads\/2021\/11\/sociocommunautaire2_accueil_rpldm.jpg\" sizes=\"(max-width: 532px) 100vw, 532px\" srcset=\"https:\/\/rpldm.webloft.dev\/wp-content\/uploads\/2021\/11\/sociocommunautaire2_accueil_rpldm.jpg 532w, https:\/\/rpldm.webloft.dev\/wp-content\/uploads\/2021\/11\/sociocommunautaire2_accueil_rpldm-300x300.jpg 300w, https:\/\/rpldm.webloft.dev\/wp-content\/uploads\/2021\/11\/sociocommunautaire2_accueil_rpldm-150x150.jpg 150w\" alt=\"\" width=\"532\" height=\"532\" \/> <\/a><\/p>\n<h2><a href=\"https:\/\/www.rpldm.ca\/en\/community-relations\/\">Relations avec la communaut\u00e9<\/a><\/h2>\n<p><a role=\"button\" href=\"https:\/\/www.rpldm.ca\/en\/community-relations\/\"><br \/>\nEn savoir plus<br \/>\n<\/a><br \/>\n<a href=\"https:\/\/www.rpldm.ca\/en\/traffic\/\"><br \/>\n<img decoding=\"async\" src=\"https:\/\/rpldm.webloft.dev\/wp-content\/uploads\/2021\/11\/circulation_accueil_rpldm.jpg\" sizes=\"(max-width: 532px) 100vw, 532px\" srcset=\"https:\/\/rpldm.webloft.dev\/wp-content\/uploads\/2021\/11\/circulation_accueil_rpldm.jpg 532w, https:\/\/rpldm.webloft.dev\/wp-content\/uploads\/2021\/11\/circulation_accueil_rpldm-300x300.jpg 300w, https:\/\/rpldm.webloft.dev\/wp-content\/uploads\/2021\/11\/circulation_accueil_rpldm-150x150.jpg 150w\" alt=\"\" width=\"532\" height=\"532\" \/> <\/a><\/p>\n<h2><a href=\"https:\/\/www.rpldm.ca\/en\/traffic\/\">S\u00e9curit\u00e9 routi\u00e8re<\/a><\/h2>\n<p><a role=\"button\" href=\"https:\/\/www.rpldm.ca\/en\/traffic\/\"><br \/>\nEn savoir plus<br \/>\n<\/a><\/p>\n<h2>Enqu\u00eates<\/h2>\n<p><a href=\"https:\/\/www.rpldm.ca\/en\/criminal-investigations\/\"><br \/>\n<img loading=\"lazy\" decoding=\"async\" src=\"https:\/\/rpldm.webloft.dev\/wp-content\/uploads\/2021\/11\/rpldm_enquetecriminelle_2016.jpg\" sizes=\"(max-width: 532px) 100vw, 532px\" srcset=\"https:\/\/rpldm.webloft.dev\/wp-content\/uploads\/2021\/11\/rpldm_enquetecriminelle_2016.jpg 532w, https:\/\/rpldm.webloft.dev\/wp-content\/uploads\/2021\/11\/rpldm_enquetecriminelle_2016-300x300.jpg 300w, https:\/\/rpldm.webloft.dev\/wp-content\/uploads\/2021\/11\/rpldm_enquetecriminelle_2016-150x150.jpg 150w\" alt=\"\" width=\"532\" height=\"532\" \/> <\/a><\/p>\n<h2><a href=\"https:\/\/www.rpldm.ca\/en\/criminal-investigations\/\">Enqu\u00eates criminelles<\/a><\/h2>\n<p><a role=\"button\" href=\"https:\/\/www.rpldm.ca\/en\/criminal-investigations\/\"><br \/>\nEn savoir plus<br \/>\n<\/a><br \/>\n<a href=\"https:\/\/www.rpldm.ca\/en\/forensic-identification\/\"><br \/>\n<img loading=\"lazy\" decoding=\"async\" src=\"https:\/\/rpldm.webloft.dev\/wp-content\/uploads\/2021\/11\/SIJ_accueil_rpdm.jpg\" sizes=\"(max-width: 532px) 100vw, 532px\" srcset=\"https:\/\/rpldm.webloft.dev\/wp-content\/uploads\/2021\/11\/SIJ_accueil_rpdm.jpg 532w, https:\/\/rpldm.webloft.dev\/wp-content\/uploads\/2021\/11\/SIJ_accueil_rpdm-300x300.jpg 300w, https:\/\/rpldm.webloft.dev\/wp-content\/uploads\/2021\/11\/SIJ_accueil_rpdm-150x150.jpg 150w\" alt=\"\" width=\"532\" height=\"532\" \/> <\/a><\/p>\n<h2><a href=\"https:\/\/www.rpldm.ca\/en\/forensic-identification\/\">identit\u00e9\u00a0judiciaire<\/a><\/h2>\n<p><a role=\"button\" href=\"https:\/\/www.rpldm.ca\/en\/forensic-identification\/\"><br \/>\nEn savoir plus<br \/>\n<\/a><br \/>\n<a href=\"https:\/\/www.rpldm.ca\/en\/criminal-intelligence\/\"><br \/>\n<img loading=\"lazy\" decoding=\"async\" src=\"https:\/\/rpldm.webloft.dev\/wp-content\/uploads\/2021\/11\/renseignement_accueil_rpldm.jpg\" sizes=\"(max-width: 532px) 100vw, 532px\" srcset=\"https:\/\/rpldm.webloft.dev\/wp-content\/uploads\/2021\/11\/renseignement_accueil_rpldm.jpg 532w, https:\/\/rpldm.webloft.dev\/wp-content\/uploads\/2021\/11\/renseignement_accueil_rpldm-300x300.jpg 300w, https:\/\/rpldm.webloft.dev\/wp-content\/uploads\/2021\/11\/renseignement_accueil_rpldm-150x150.jpg 150w\" alt=\"\" width=\"532\" height=\"532\" \/> <\/a><\/p>\n<h2><a href=\"https:\/\/www.rpldm.ca\/en\/criminal-intelligence\/\">Renseignement criminel<\/a><\/h2>\n<p><a role=\"button\" href=\"https:\/\/www.rpldm.ca\/en\/criminal-intelligence\/\"><br \/>\nEn savoir plus<br \/>\n<\/a><br \/>\n<a href=\"https:\/\/rpldm.webloft.dev\/a-propos\/equipes\/liaison-judiciaire\/\"><br \/>\n<img loading=\"lazy\" decoding=\"async\" src=\"https:\/\/rpldm.webloft.dev\/wp-content\/uploads\/2021\/11\/courmunicipale_accueil_rpldm.jpg\" sizes=\"(max-width: 532px) 100vw, 532px\" srcset=\"https:\/\/rpldm.webloft.dev\/wp-content\/uploads\/2021\/11\/courmunicipale_accueil_rpldm.jpg 532w, https:\/\/rpldm.webloft.dev\/wp-content\/uploads\/2021\/11\/courmunicipale_accueil_rpldm-300x300.jpg 300w, https:\/\/rpldm.webloft.dev\/wp-content\/uploads\/2021\/11\/courmunicipale_accueil_rpldm-150x150.jpg 150w\" alt=\"\" width=\"532\" height=\"532\" \/> <\/a><\/p>\n<h2><a href=\"https:\/\/rpldm.webloft.dev\/a-propos\/equipes\/liaison-judiciaire\/\">Liaison judiciaire <\/a><\/h2>\n<p><a role=\"button\" href=\"https:\/\/rpldm.webloft.dev\/a-propos\/equipes\/liaison-judiciaire\/\"><br \/>\nEn savoir plus<br \/>\n<\/a><\/p>\n","protected":false},"excerpt":{"rendered":"<p>GENDARMERIE ET ENQU\u00caTES Chacune des \u00e9quipes de la R\u00e9gie de police du Lac des Deux-Montagnes est compos\u00e9e de policiers et de polici\u00e8res ayant d\u00e9velopp\u00e9 les expertises requises pour accomplir les missions qui leur sont confi\u00e9es. Bien qu\u2019elles agissent dans diff\u00e9rents secteurs d\u2019activit\u00e9, elles ont en commun le souci de la rigueur, de la proximit\u00e9 et [&hellip;]<\/p>\n","protected":false},"author":13,"featured_media":0,"parent":1292,"menu_order":0,"comment_status":"closed","ping_status":"closed","template":"","meta":{"footnotes":""},"class_list":["post-4252","page","type-page","status-publish","hentry"],"yoast_head":"<!-- This site is optimized with the Yoast SEO plugin v27.2 - https:\/\/yoast.com\/product\/yoast-seo-wordpress\/ -->\n<title>\u00c9quipes - R\u00e9gie de Police Deux-Montagnes<\/title>\n<meta name=\"robots\" content=\"index, follow, max-snippet:-1, max-image-preview:large, max-video-preview:-1\" \/>\n<link rel=\"canonical\" href=\"https:\/\/www.rpldm.ca\/en\/about-us\/equipes-2\/\" \/>\n<meta property=\"og:locale\" content=\"en_US\" \/>\n<meta property=\"og:type\" content=\"article\" \/>\n<meta property=\"og:title\" content=\"\u00c9quipes - R\u00e9gie de Police Deux-Montagnes\" \/>\n<meta property=\"og:description\" content=\"GENDARMERIE ET ENQU\u00caTES Chacune des \u00e9quipes de la R\u00e9gie de police du Lac des Deux-Montagnes est compos\u00e9e de policiers et de polici\u00e8res ayant d\u00e9velopp\u00e9 les expertises requises pour accomplir les missions qui leur sont confi\u00e9es. Bien qu\u2019elles agissent dans diff\u00e9rents secteurs d\u2019activit\u00e9, elles ont en commun le souci de la rigueur, de la proximit\u00e9 et [&hellip;]\" \/>\n<meta property=\"og:url\" content=\"https:\/\/www.rpldm.ca\/en\/about-us\/equipes-2\/\" \/>\n<meta property=\"og:site_name\" content=\"R\u00e9gie de Police Deux-Montagnes\" \/>\n<meta property=\"article:modified_time\" content=\"2023-11-09T16:26:11+00:00\" \/>\n<meta property=\"og:image\" content=\"https:\/\/rpldm.webloft.dev\/wp-content\/uploads\/2021\/11\/patrouille_accueil_rpldm_g.jpg\" \/>\n<meta name=\"twitter:card\" content=\"summary_large_image\" \/>\n<meta name=\"twitter:label1\" content=\"Est. reading time\" \/>\n\t<meta name=\"twitter:data1\" content=\"2 minutes\" \/>\n<script type=\"application\/ld+json\" class=\"yoast-schema-graph\">{\"@context\":\"https:\/\/schema.org\",\"@graph\":[{\"@type\":\"WebPage\",\"@id\":\"https:\/\/www.rpldm.ca\/en\/about-us\/equipes-2\/\",\"url\":\"https:\/\/www.rpldm.ca\/en\/about-us\/equipes-2\/\",\"name\":\"\u00c9quipes - R\u00e9gie de Police Deux-Montagnes\",\"isPartOf\":{\"@id\":\"https:\/\/www.rpldm.ca\/en\/#website\"},\"primaryImageOfPage\":{\"@id\":\"https:\/\/www.rpldm.ca\/en\/about-us\/equipes-2\/#primaryimage\"},\"image\":{\"@id\":\"https:\/\/www.rpldm.ca\/en\/about-us\/equipes-2\/#primaryimage\"},\"thumbnailUrl\":\"https:\/\/rpldm.webloft.dev\/wp-content\/uploads\/2021\/11\/patrouille_accueil_rpldm_g.jpg\",\"datePublished\":\"2021-11-06T15:43:48+00:00\",\"dateModified\":\"2023-11-09T16:26:11+00:00\",\"breadcrumb\":{\"@id\":\"https:\/\/www.rpldm.ca\/en\/about-us\/equipes-2\/#breadcrumb\"},\"inLanguage\":\"en-US\",\"potentialAction\":[{\"@type\":\"ReadAction\",\"target\":[\"https:\/\/www.rpldm.ca\/en\/about-us\/equipes-2\/\"]}]},{\"@type\":\"ImageObject\",\"inLanguage\":\"en-US\",\"@id\":\"https:\/\/www.rpldm.ca\/en\/about-us\/equipes-2\/#primaryimage\",\"url\":\"https:\/\/rpldm.webloft.dev\/wp-content\/uploads\/2021\/11\/patrouille_accueil_rpldm_g.jpg\",\"contentUrl\":\"https:\/\/rpldm.webloft.dev\/wp-content\/uploads\/2021\/11\/patrouille_accueil_rpldm_g.jpg\"},{\"@type\":\"BreadcrumbList\",\"@id\":\"https:\/\/www.rpldm.ca\/en\/about-us\/equipes-2\/#breadcrumb\",\"itemListElement\":[{\"@type\":\"ListItem\",\"position\":1,\"name\":\"Accueil\",\"item\":\"https:\/\/www.rpldm.ca\/en\/\"},{\"@type\":\"ListItem\",\"position\":2,\"name\":\"About us\",\"item\":\"https:\/\/www.rpldm.ca\/en\/about-us\/\"},{\"@type\":\"ListItem\",\"position\":3,\"name\":\"\u00c9quipes\"}]},{\"@type\":\"WebSite\",\"@id\":\"https:\/\/www.rpldm.ca\/en\/#website\",\"url\":\"https:\/\/www.rpldm.ca\/en\/\",\"name\":\"R\u00e9gie de Police Deux-Montagnes\",\"description\":\"\",\"publisher\":{\"@id\":\"https:\/\/www.rpldm.ca\/en\/#organization\"},\"potentialAction\":[{\"@type\":\"SearchAction\",\"target\":{\"@type\":\"EntryPoint\",\"urlTemplate\":\"https:\/\/www.rpldm.ca\/en\/?s={search_term_string}\"},\"query-input\":{\"@type\":\"PropertyValueSpecification\",\"valueRequired\":true,\"valueName\":\"search_term_string\"}}],\"inLanguage\":\"en-US\"},{\"@type\":\"Organization\",\"@id\":\"https:\/\/www.rpldm.ca\/en\/#organization\",\"name\":\"R\u00e9gie de Police Deux-Montagnes\",\"url\":\"https:\/\/www.rpldm.ca\/en\/\",\"logo\":{\"@type\":\"ImageObject\",\"inLanguage\":\"en-US\",\"@id\":\"https:\/\/www.rpldm.ca\/en\/#\/schema\/logo\/image\/\",\"url\":\"https:\/\/www.rpldm.ca\/wp-content\/uploads\/2020\/10\/logo-police2m.png\",\"contentUrl\":\"https:\/\/www.rpldm.ca\/wp-content\/uploads\/2020\/10\/logo-police2m.png\",\"width\":197,\"height\":208,\"caption\":\"R\u00e9gie de Police Deux-Montagnes\"},\"image\":{\"@id\":\"https:\/\/www.rpldm.ca\/en\/#\/schema\/logo\/image\/\"}}]}<\/script>\n<!-- \/ Yoast SEO plugin. -->","yoast_head_json":{"title":"\u00c9quipes - R\u00e9gie de Police Deux-Montagnes","robots":{"index":"index","follow":"follow","max-snippet":"max-snippet:-1","max-image-preview":"max-image-preview:large","max-video-preview":"max-video-preview:-1"},"canonical":"https:\/\/www.rpldm.ca\/en\/about-us\/equipes-2\/","og_locale":"en_US","og_type":"article","og_title":"\u00c9quipes - R\u00e9gie de Police Deux-Montagnes","og_description":"GENDARMERIE ET ENQU\u00caTES Chacune des \u00e9quipes de la R\u00e9gie de police du Lac des Deux-Montagnes est compos\u00e9e de policiers et de polici\u00e8res ayant d\u00e9velopp\u00e9 les expertises requises pour accomplir les missions qui leur sont confi\u00e9es. Bien qu\u2019elles agissent dans diff\u00e9rents secteurs d\u2019activit\u00e9, elles ont en commun le souci de la rigueur, de la proximit\u00e9 et [&hellip;]","og_url":"https:\/\/www.rpldm.ca\/en\/about-us\/equipes-2\/","og_site_name":"R\u00e9gie de Police Deux-Montagnes","article_modified_time":"2023-11-09T16:26:11+00:00","og_image":[{"url":"https:\/\/rpldm.webloft.dev\/wp-content\/uploads\/2021\/11\/patrouille_accueil_rpldm_g.jpg","type":"","width":"","height":""}],"twitter_card":"summary_large_image","twitter_misc":{"Est. reading time":"2 minutes"},"schema":{"@context":"https:\/\/schema.org","@graph":[{"@type":"WebPage","@id":"https:\/\/www.rpldm.ca\/en\/about-us\/equipes-2\/","url":"https:\/\/www.rpldm.ca\/en\/about-us\/equipes-2\/","name":"\u00c9quipes - R\u00e9gie de Police Deux-Montagnes","isPartOf":{"@id":"https:\/\/www.rpldm.ca\/en\/#website"},"primaryImageOfPage":{"@id":"https:\/\/www.rpldm.ca\/en\/about-us\/equipes-2\/#primaryimage"},"image":{"@id":"https:\/\/www.rpldm.ca\/en\/about-us\/equipes-2\/#primaryimage"},"thumbnailUrl":"https:\/\/rpldm.webloft.dev\/wp-content\/uploads\/2021\/11\/patrouille_accueil_rpldm_g.jpg","datePublished":"2021-11-06T15:43:48+00:00","dateModified":"2023-11-09T16:26:11+00:00","breadcrumb":{"@id":"https:\/\/www.rpldm.ca\/en\/about-us\/equipes-2\/#breadcrumb"},"inLanguage":"en-US","potentialAction":[{"@type":"ReadAction","target":["https:\/\/www.rpldm.ca\/en\/about-us\/equipes-2\/"]}]},{"@type":"ImageObject","inLanguage":"en-US","@id":"https:\/\/www.rpldm.ca\/en\/about-us\/equipes-2\/#primaryimage","url":"https:\/\/rpldm.webloft.dev\/wp-content\/uploads\/2021\/11\/patrouille_accueil_rpldm_g.jpg","contentUrl":"https:\/\/rpldm.webloft.dev\/wp-content\/uploads\/2021\/11\/patrouille_accueil_rpldm_g.jpg"},{"@type":"BreadcrumbList","@id":"https:\/\/www.rpldm.ca\/en\/about-us\/equipes-2\/#breadcrumb","itemListElement":[{"@type":"ListItem","position":1,"name":"Accueil","item":"https:\/\/www.rpldm.ca\/en\/"},{"@type":"ListItem","position":2,"name":"About us","item":"https:\/\/www.rpldm.ca\/en\/about-us\/"},{"@type":"ListItem","position":3,"name":"\u00c9quipes"}]},{"@type":"WebSite","@id":"https:\/\/www.rpldm.ca\/en\/#website","url":"https:\/\/www.rpldm.ca\/en\/","name":"R\u00e9gie de Police Deux-Montagnes","description":"","publisher":{"@id":"https:\/\/www.rpldm.ca\/en\/#organization"},"potentialAction":[{"@type":"SearchAction","target":{"@type":"EntryPoint","urlTemplate":"https:\/\/www.rpldm.ca\/en\/?s={search_term_string}"},"query-input":{"@type":"PropertyValueSpecification","valueRequired":true,"valueName":"search_term_string"}}],"inLanguage":"en-US"},{"@type":"Organization","@id":"https:\/\/www.rpldm.ca\/en\/#organization","name":"R\u00e9gie de Police Deux-Montagnes","url":"https:\/\/www.rpldm.ca\/en\/","logo":{"@type":"ImageObject","inLanguage":"en-US","@id":"https:\/\/www.rpldm.ca\/en\/#\/schema\/logo\/image\/","url":"https:\/\/www.rpldm.ca\/wp-content\/uploads\/2020\/10\/logo-police2m.png","contentUrl":"https:\/\/www.rpldm.ca\/wp-content\/uploads\/2020\/10\/logo-police2m.png","width":197,"height":208,"caption":"R\u00e9gie de Police Deux-Montagnes"},"image":{"@id":"https:\/\/www.rpldm.ca\/en\/#\/schema\/logo\/image\/"}}]}},"_links":{"self":[{"href":"https:\/\/www.rpldm.ca\/en\/wp-json\/wp\/v2\/pages\/4252","targetHints":{"allow":["GET"]}}],"collection":[{"href":"https:\/\/www.rpldm.ca\/en\/wp-json\/wp\/v2\/pages"}],"about":[{"href":"https:\/\/www.rpldm.ca\/en\/wp-json\/wp\/v2\/types\/page"}],"author":[{"embeddable":true,"href":"https:\/\/www.rpldm.ca\/en\/wp-json\/wp\/v2\/users\/13"}],"replies":[{"embeddable":true,"href":"https:\/\/www.rpldm.ca\/en\/wp-json\/wp\/v2\/comments?post=4252"}],"version-history":[{"count":2,"href":"https:\/\/www.rpldm.ca\/en\/wp-json\/wp\/v2\/pages\/4252\/revisions"}],"predecessor-version":[{"id":4254,"href":"https:\/\/www.rpldm.ca\/en\/wp-json\/wp\/v2\/pages\/4252\/revisions\/4254"}],"up":[{"embeddable":true,"href":"https:\/\/www.rpldm.ca\/en\/wp-json\/wp\/v2\/pages\/1292"}],"wp:attachment":[{"href":"https:\/\/www.rpldm.ca\/en\/wp-json\/wp\/v2\/media?parent=4252"}],"curies":[{"name":"wp","href":"https:\/\/api.w.org\/{rel}","templated":true}]}}